{"id":776,"date":"2024-04-17T22:00:35","date_gmt":"2024-04-17T22:00:35","guid":{"rendered":"https:\/\/worldsys.com.pe\/worldsys\/?page_id=776"},"modified":"2024-04-18T11:32:48","modified_gmt":"2024-04-18T11:32:48","slug":"silat-2","status":"publish","type":"page","link":"https:\/\/worldsys.com.pe\/worldsys\/index.php\/silat-2\/","title":{"rendered":"Silat"},"content":{"rendered":"\t\t<div data-elementor-type=\"wp-page\" data-elementor-id=\"776\" class=\"elementor elementor-776\">\n\t\t\t\t\t\t<section class=\"elementor-section elementor-top-section elementor-element elementor-element-3ecf522f elementor-section-boxed elementor-section-height-default elementor-section-height-default\" data-id=\"3ecf522f\" data-element_type=\"section\" data-settings=\"{&quot;background_background&quot;:&quot;classic&quot;}\">\n\t\t\t\t\t\t\t<div class=\"elementor-background-overlay\"><\/div>\n\t\t\t\t\t\t\t<div class=\"elementor-container elementor-column-gap-default\">\n\t\t\t\t\t<div class=\"elementor-column elementor-col-100 elementor-top-column elementor-element elementor-element-1cdda1bc\" data-id=\"1cdda1bc\" data-element_type=\"column\">\n\t\t\t<div class=\"elementor-widget-wrap elementor-element-populated\">\n\t\t\t\t\t\t<section class=\"elementor-section elementor-inner-section elementor-element elementor-element-52f96d00 elementor-section-boxed elementor-section-height-default elementor-section-height-default\" data-id=\"52f96d00\" data-element_type=\"section\">\n\t\t\t\t\t\t<div class=\"elementor-container elementor-column-gap-default\">\n\t\t\t\t\t<div class=\"elementor-column elementor-col-50 elementor-inner-column elementor-element elementor-element-739d2491\" data-id=\"739d2491\" data-element_type=\"column\">\n\t\t\t<div class=\"elementor-widget-wrap elementor-element-populated\">\n\t\t\t\t\t\t<div class=\"elementor-element elementor-element-328f593 elementor-widget elementor-widget-image\" data-id=\"328f593\" data-element_type=\"widget\" data-widget_type=\"image.default\">\n\t\t\t\t<div class=\"elementor-widget-container\">\n\t\t\t\t\t\t\t\t\t\t\t\t\t\t\t<img fetchpriority=\"high\" decoding=\"async\" width=\"320\" height=\"163\" src=\"https:\/\/worldsys.com.pe\/worldsys\/wp-content\/uploads\/2024\/04\/logo2.png\" class=\"attachment-large size-large wp-image-813\" alt=\"\" srcset=\"https:\/\/worldsys.com.pe\/worldsys\/wp-content\/uploads\/2024\/04\/logo2.png 320w, https:\/\/worldsys.com.pe\/worldsys\/wp-content\/uploads\/2024\/04\/logo2-300x153.png 300w\" sizes=\"(max-width: 320px) 100vw, 320px\" \/>\t\t\t\t\t\t\t\t\t\t\t\t\t\t\t<\/div>\n\t\t\t\t<\/div>\n\t\t\t\t\t<\/div>\n\t\t<\/div>\n\t\t\t\t<div class=\"elementor-column elementor-col-50 elementor-inner-column elementor-element elementor-element-a6fd6a5\" data-id=\"a6fd6a5\" data-element_type=\"column\">\n\t\t\t<div class=\"elementor-widget-wrap elementor-element-populated\">\n\t\t\t\t\t\t<div class=\"elementor-element elementor-element-71d06e6a elementor-widget-tablet__width-initial elementor-widget__width-initial elementor-widget elementor-widget-elementskit-heading\" data-id=\"71d06e6a\" data-element_type=\"widget\" data-widget_type=\"elementskit-heading.default\">\n\t\t\t\t<div class=\"elementor-widget-container\">\n\t\t\t\t\t<div class=\"ekit-wid-con\" ><div class=\"ekit-heading elementskit-section-title-wraper text_left   ekit_heading_tablet-   ekit_heading_mobile-\"><h1 class=\"ekit-heading--title elementskit-section-title \">Soluciones Inform\u00e1ticas             Latinoamericanas<\/h1><\/div><\/div>\t\t\t\t<\/div>\n\t\t\t\t<\/div>\n\t\t\t\t<div class=\"elementor-element elementor-element-464dc92 elementor-align-left elementor-widget elementor-widget-elementskit-button\" data-id=\"464dc92\" data-element_type=\"widget\" data-widget_type=\"elementskit-button.default\">\n\t\t\t\t<div class=\"elementor-widget-container\">\n\t\t\t\t\t<div class=\"ekit-wid-con\" >\t\t<div class=\"ekit-btn-wraper\">\n\t\t\t\t\t\t\t<a href=\"#\" class=\"elementskit-btn  whitespace--normal\" id=\"\">\n\t\t\t\t\tCont\u00e1ctenos\t\t\t\t<\/a>\n\t\t\t\t\t<\/div>\n        <\/div>\t\t\t\t<\/div>\n\t\t\t\t<\/div>\n\t\t\t\t\t<\/div>\n\t\t<\/div>\n\t\t\t\t\t<\/div>\n\t\t<\/section>\n\t\t\t\t\t<\/div>\n\t\t<\/div>\n\t\t\t\t\t<\/div>\n\t\t<\/section>\n\t\t\t\t<section class=\"elementor-section elementor-top-section elementor-element elementor-element-7cbec5d9 elementor-section-boxed elementor-section-height-default elementor-section-height-default\" data-id=\"7cbec5d9\" data-element_type=\"section\">\n\t\t\t\t\t\t<div class=\"elementor-container elementor-column-gap-default\">\n\t\t\t\t\t<div class=\"elementor-column elementor-col-100 elementor-top-column elementor-element elementor-element-1c55606f\" data-id=\"1c55606f\" data-element_type=\"column\">\n\t\t\t<div class=\"elementor-widget-wrap elementor-element-populated\">\n\t\t\t\t\t\t<section class=\"elementor-section elementor-inner-section elementor-element elementor-element-3864919b elementor-section-boxed elementor-section-height-default elementor-section-height-default\" data-id=\"3864919b\" data-element_type=\"section\" data-settings=\"{&quot;background_background&quot;:&quot;classic&quot;}\">\n\t\t\t\t\t\t<div class=\"elementor-container elementor-column-gap-default\">\n\t\t\t\t\t<div class=\"elementor-column elementor-col-100 elementor-inner-column elementor-element elementor-element-5cdc9243\" data-id=\"5cdc9243\" data-element_type=\"column\">\n\t\t\t<div class=\"elementor-widget-wrap elementor-element-populated\">\n\t\t\t\t\t\t<div class=\"elementor-element elementor-element-3405f2ca elementor-widget elementor-widget-elementskit-heading\" data-id=\"3405f2ca\" data-element_type=\"widget\" data-widget_type=\"elementskit-heading.default\">\n\t\t\t\t<div class=\"elementor-widget-container\">\n\t\t\t\t\t<div class=\"ekit-wid-con\" ><div class=\"ekit-heading elementskit-section-title-wraper text_center   ekit_heading_tablet-   ekit_heading_mobile-\"><h2 class=\"ekit-heading--title elementskit-section-title \">Software para Cl\u00ednicas de Medicina Est\u00e9tica<\/h2>\t\t\t\t<div class='ekit-heading__description'>\n\t\t\t\t\t<p>Orientado a satisfacer las necesidades y requerimientos de los cirujanos pl\u00e1sticos, m\u00e9dicos, esteticistas y cl\u00ednicas est\u00e9ticas en todo lo relacionado con el desarrollo de avanzadas soluciones inform\u00e1ticas.<\/p>\n<p>Manejo total del centro m\u00e9dico o centro de est\u00e9tica: Controla la informacion m\u00e9dica y administrativa<\/p>\n\t\t\t\t<\/div>\n\t\t\t<\/div><\/div>\t\t\t\t<\/div>\n\t\t\t\t<\/div>\n\t\t\t\t\t<\/div>\n\t\t<\/div>\n\t\t\t\t\t<\/div>\n\t\t<\/section>\n\t\t\t\t\t<\/div>\n\t\t<\/div>\n\t\t\t\t\t<\/div>\n\t\t<\/section>\n\t\t\t\t<section class=\"elementor-section elementor-top-section elementor-element elementor-element-de7436c elementor-section-boxed elementor-section-height-default elementor-section-height-default\" data-id=\"de7436c\" data-element_type=\"section\">\n\t\t\t\t\t\t<div class=\"elementor-container elementor-column-gap-default\">\n\t\t\t\t\t<div class=\"elementor-column elementor-col-100 elementor-top-column elementor-element elementor-element-2fac3e40\" data-id=\"2fac3e40\" data-element_type=\"column\">\n\t\t\t<div class=\"elementor-widget-wrap elementor-element-populated\">\n\t\t\t\t\t\t<div class=\"elementor-element elementor-element-5a78c4f6 elementor-widget elementor-widget-elementskit-heading\" data-id=\"5a78c4f6\" data-element_type=\"widget\" data-widget_type=\"elementskit-heading.default\">\n\t\t\t\t<div class=\"elementor-widget-container\">\n\t\t\t\t\t<div class=\"ekit-wid-con\" ><div class=\"ekit-heading elementskit-section-title-wraper text_left   ekit_heading_tablet-   ekit_heading_mobile- ekit-heading__title-in-left\">\t\t\t\t<div class='ekit-heading__title-wrapper'>\n\t\t\t<h3 class=\"ekit-heading--title elementskit-section-title \"> <\/h3>\t\t\t\t<\/div>\n\t\t\t\t<div class='ekit-heading__content-wrapper'>\n\t\t\t<span class=\"ekit-heading--subtitle elementskit-section-subtitle  elementskit-style-border\">\n\t\t\t\t\t\tPerfil\n\t\t\t\t\t<\/span>\t\t\t\t<\/div>\n\t\t\t<\/div><\/div>\t\t\t\t<\/div>\n\t\t\t\t<\/div>\n\t\t\t\t<section class=\"elementor-section elementor-inner-section elementor-element elementor-element-5c029ced elementor-section-boxed elementor-section-height-default elementor-section-height-default\" data-id=\"5c029ced\" data-element_type=\"section\">\n\t\t\t\t\t\t<div class=\"elementor-container elementor-column-gap-default\">\n\t\t\t\t\t<div class=\"elementor-column elementor-col-50 elementor-inner-column elementor-element elementor-element-6b460499\" data-id=\"6b460499\" data-element_type=\"column\">\n\t\t\t<div class=\"elementor-widget-wrap elementor-element-populated\">\n\t\t\t\t\t\t<div class=\"elementor-element elementor-element-ca25fb0 elementor-widget__width-initial ekit-equal-height-disable elementor-widget elementor-widget-elementskit-icon-box\" data-id=\"ca25fb0\" data-element_type=\"widget\" data-widget_type=\"elementskit-icon-box.default\">\n\t\t\t\t<div class=\"elementor-widget-container\">\n\t\t\t\t\t<div class=\"ekit-wid-con\" >        <!-- link opening -->\n                <!-- end link opening -->\n\n        <div class=\"elementskit-infobox text-left text-left icon-lef-right-aligin elementor-animation- media  \">\n                            <div class=\"elementskit-box-header\">\n                <div class=\"elementskit-info-box-icon text-center\">\n                    <img decoding=\"async\" width=\"45\" height=\"50\" src=\"https:\/\/worldsys.com.pe\/worldsys\/wp-content\/uploads\/2024\/04\/laureles.png\" class=\"attachment- size-\" alt=\"\" \/>                <\/div>\n          <\/div>\n                <div class=\"box-body\">\n                            <h3 class=\"elementskit-info-box-title\">\n                    30 a\u00f1os de experiencia                <\/h3>\n                                            <\/div>\n        \n        \n                <\/div>\n        <\/div>\t\t\t\t<\/div>\n\t\t\t\t<\/div>\n\t\t\t\t<div class=\"elementor-element elementor-element-11e500a5 elementor-widget__width-initial ekit-equal-height-disable elementor-widget elementor-widget-elementskit-icon-box\" data-id=\"11e500a5\" data-element_type=\"widget\" data-widget_type=\"elementskit-icon-box.default\">\n\t\t\t\t<div class=\"elementor-widget-container\">\n\t\t\t\t\t<div class=\"ekit-wid-con\" >        <!-- link opening -->\n                <!-- end link opening -->\n\n        <div class=\"elementskit-infobox text-left text-left icon-lef-right-aligin elementor-animation- media  \">\n                            <div class=\"elementskit-box-header\">\n                <div class=\"elementskit-info-box-icon text-center\">\n                    <img decoding=\"async\" width=\"45\" height=\"50\" src=\"https:\/\/worldsys.com.pe\/worldsys\/wp-content\/uploads\/2024\/04\/ubica.png\" class=\"attachment- size-\" alt=\"\" \/>                <\/div>\n          <\/div>\n                <div class=\"box-body\">\n                            <h3 class=\"elementskit-info-box-title\">\n                    Bogota Colombia                <\/h3>\n                                            <\/div>\n        \n        \n                <\/div>\n        <\/div>\t\t\t\t<\/div>\n\t\t\t\t<\/div>\n\t\t\t\t<div class=\"elementor-element elementor-element-3148e78 elementor-widget__width-initial ekit-equal-height-disable elementor-widget elementor-widget-elementskit-icon-box\" data-id=\"3148e78\" data-element_type=\"widget\" data-widget_type=\"elementskit-icon-box.default\">\n\t\t\t\t<div class=\"elementor-widget-container\">\n\t\t\t\t\t<div class=\"ekit-wid-con\" >        <!-- link opening -->\n                <!-- end link opening -->\n\n        <div class=\"elementskit-infobox text-left text-left icon-lef-right-aligin elementor-animation- media  \">\n                            <div class=\"elementskit-box-header\">\n                <div class=\"elementskit-info-box-icon text-center\">\n                    <img loading=\"lazy\" decoding=\"async\" width=\"45\" height=\"50\" src=\"https:\/\/worldsys.com.pe\/worldsys\/wp-content\/uploads\/2024\/04\/engran.png\" class=\"attachment- size-\" alt=\"\" \/>                <\/div>\n          <\/div>\n                <div class=\"box-body\">\n                            <h3 class=\"elementskit-info-box-title\">\n                    Desarrollo de software a la medida (Sistemas de informaci\u00f3n especializados, personalizados y focalizados a cada sector).                <\/h3>\n                                            <\/div>\n        \n        \n                <\/div>\n        <\/div>\t\t\t\t<\/div>\n\t\t\t\t<\/div>\n\t\t\t\t<div class=\"elementor-element elementor-element-71927c2 elementor-widget__width-initial ekit-equal-height-disable elementor-widget elementor-widget-elementskit-icon-box\" data-id=\"71927c2\" data-element_type=\"widget\" data-widget_type=\"elementskit-icon-box.default\">\n\t\t\t\t<div class=\"elementor-widget-container\">\n\t\t\t\t\t<div class=\"ekit-wid-con\" >        <!-- link opening -->\n                <!-- end link opening -->\n\n        <div class=\"elementskit-infobox text-left text-left icon-lef-right-aligin elementor-animation- media  \">\n                            <div class=\"elementskit-box-header\">\n                <div class=\"elementskit-info-box-icon text-center\">\n                    <img loading=\"lazy\" decoding=\"async\" width=\"45\" height=\"50\" src=\"https:\/\/worldsys.com.pe\/worldsys\/wp-content\/uploads\/2024\/04\/estad.png\" class=\"attachment- size-\" alt=\"\" \/>                <\/div>\n          <\/div>\n                <div class=\"box-body\">\n                            <h3 class=\"elementskit-info-box-title\">\n                    Logros: Incremento de la productividad, competitividad y eficiencia de nuestros clientes                <\/h3>\n                                            <\/div>\n        \n        \n                <\/div>\n        <\/div>\t\t\t\t<\/div>\n\t\t\t\t<\/div>\n\t\t\t\t<div class=\"elementor-element elementor-element-010247c elementor-widget__width-initial ekit-equal-height-disable elementor-widget elementor-widget-elementskit-icon-box\" data-id=\"010247c\" data-element_type=\"widget\" data-widget_type=\"elementskit-icon-box.default\">\n\t\t\t\t<div class=\"elementor-widget-container\">\n\t\t\t\t\t<div class=\"ekit-wid-con\" >        <!-- link opening -->\n                <!-- end link opening -->\n\n        <div class=\"elementskit-infobox text-left text-left icon-lef-right-aligin elementor-animation- media  \">\n                            <div class=\"elementskit-box-header\">\n                <div class=\"elementskit-info-box-icon text-center\">\n                    <img loading=\"lazy\" decoding=\"async\" width=\"45\" height=\"50\" src=\"https:\/\/worldsys.com.pe\/worldsys\/wp-content\/uploads\/2024\/04\/world.png\" class=\"attachment- size-\" alt=\"\" \/>                <\/div>\n          <\/div>\n                <div class=\"box-body\">\n                            <h3 class=\"elementskit-info-box-title\">\n                    internacionalizaci\u00f3n: Ecuador y Mexico                <\/h3>\n                                            <\/div>\n        \n        \n                <\/div>\n        <\/div>\t\t\t\t<\/div>\n\t\t\t\t<\/div>\n\t\t\t\t\t<\/div>\n\t\t<\/div>\n\t\t\t\t<div class=\"elementor-column elementor-col-50 elementor-inner-column elementor-element elementor-element-f8841a2\" data-id=\"f8841a2\" data-element_type=\"column\">\n\t\t\t<div class=\"elementor-widget-wrap elementor-element-populated\">\n\t\t\t\t\t\t<div class=\"elementor-element elementor-element-5f78768e elementor-widget__width-initial elementor-widget elementor-widget-image\" data-id=\"5f78768e\" data-element_type=\"widget\" data-widget_type=\"image.default\">\n\t\t\t\t<div class=\"elementor-widget-container\">\n\t\t\t\t\t\t\t\t\t\t\t\t\t\t\t<img loading=\"lazy\" decoding=\"async\" width=\"540\" height=\"540\" src=\"https:\/\/worldsys.com.pe\/worldsys\/wp-content\/uploads\/2024\/04\/featured-work2.jpg\" class=\"attachment-large size-large wp-image-814\" alt=\"\" srcset=\"https:\/\/worldsys.com.pe\/worldsys\/wp-content\/uploads\/2024\/04\/featured-work2.jpg 540w, https:\/\/worldsys.com.pe\/worldsys\/wp-content\/uploads\/2024\/04\/featured-work2-300x300.jpg 300w, https:\/\/worldsys.com.pe\/worldsys\/wp-content\/uploads\/2024\/04\/featured-work2-150x150.jpg 150w\" sizes=\"(max-width: 540px) 100vw, 540px\" \/>\t\t\t\t\t\t\t\t\t\t\t\t\t\t\t<\/div>\n\t\t\t\t<\/div>\n\t\t\t\t\t<\/div>\n\t\t<\/div>\n\t\t\t\t\t<\/div>\n\t\t<\/section>\n\t\t\t\t\t<\/div>\n\t\t<\/div>\n\t\t\t\t\t<\/div>\n\t\t<\/section>\n\t\t\t\t<section class=\"elementor-section elementor-top-section elementor-element elementor-element-1ff200e elementor-section-boxed elementor-section-height-default elementor-section-height-default\" data-id=\"1ff200e\" data-element_type=\"section\">\n\t\t\t\t\t\t<div class=\"elementor-container elementor-column-gap-default\">\n\t\t\t\t\t<div class=\"elementor-column elementor-col-100 elementor-top-column elementor-element elementor-element-8d926f2\" data-id=\"8d926f2\" data-element_type=\"column\">\n\t\t\t<div class=\"elementor-widget-wrap elementor-element-populated\">\n\t\t\t\t\t\t<section class=\"elementor-section elementor-inner-section elementor-element elementor-element-c53ea6a elementor-section-boxed elementor-section-height-default elementor-section-height-default\" data-id=\"c53ea6a\" data-element_type=\"section\">\n\t\t\t\t\t\t<div class=\"elementor-container elementor-column-gap-default\">\n\t\t\t\t\t<div class=\"elementor-column elementor-col-50 elementor-inner-column elementor-element elementor-element-003698f\" data-id=\"003698f\" data-element_type=\"column\">\n\t\t\t<div class=\"elementor-widget-wrap elementor-element-populated\">\n\t\t\t\t\t\t<div class=\"elementor-element elementor-element-a4b3379 elementor-widget elementor-widget-image\" data-id=\"a4b3379\" data-element_type=\"widget\" data-widget_type=\"image.default\">\n\t\t\t\t<div class=\"elementor-widget-container\">\n\t\t\t\t\t\t\t\t\t\t\t\t\t\t\t<img loading=\"lazy\" decoding=\"async\" width=\"540\" height=\"410\" src=\"https:\/\/worldsys.com.pe\/worldsys\/wp-content\/uploads\/2024\/04\/vision2.jpg\" class=\"attachment-large size-large wp-image-820\" alt=\"\" srcset=\"https:\/\/worldsys.com.pe\/worldsys\/wp-content\/uploads\/2024\/04\/vision2.jpg 540w, https:\/\/worldsys.com.pe\/worldsys\/wp-content\/uploads\/2024\/04\/vision2-300x228.jpg 300w\" sizes=\"(max-width: 540px) 100vw, 540px\" \/>\t\t\t\t\t\t\t\t\t\t\t\t\t\t\t<\/div>\n\t\t\t\t<\/div>\n\t\t\t\t\t<\/div>\n\t\t<\/div>\n\t\t\t\t<div class=\"elementor-column elementor-col-50 elementor-inner-column elementor-element elementor-element-33d1b4f\" data-id=\"33d1b4f\" data-element_type=\"column\">\n\t\t\t<div class=\"elementor-widget-wrap elementor-element-populated\">\n\t\t\t\t\t\t<div class=\"elementor-element elementor-element-f850ce1 elementor-widget elementor-widget-elementskit-heading\" data-id=\"f850ce1\" data-element_type=\"widget\" data-widget_type=\"elementskit-heading.default\">\n\t\t\t\t<div class=\"elementor-widget-container\">\n\t\t\t\t\t<div class=\"ekit-wid-con\" ><div class=\"ekit-heading elementskit-section-title-wraper text_left   ekit_heading_tablet-   ekit_heading_mobile-\"><h2 class=\"ekit-heading--title elementskit-section-title \">Software para Cl\u00ednicas de Medicina Est\u00e9tica<\/h2>\t\t\t\t<div class='ekit-heading__description'>\n\t\t\t\t\t<p>Orientado a satisfacer las necesidades y requerimientos de los cirujanos pl\u00e1sticos, m\u00e9dicos, esteticistas y cl\u00ednicas est\u00e9ticas en todo lo relacionado con el desarrollo de avanzadas soluciones inform\u00e1ticas.<\/p>\n<p>Manejo total del centro m\u00e9dico o centro de est\u00e9tica: Controla la informacion m\u00e9dica y administrativa<\/p>\n\t\t\t\t<\/div>\n\t\t\t<\/div><\/div>\t\t\t\t<\/div>\n\t\t\t\t<\/div>\n\t\t\t\t\t<\/div>\n\t\t<\/div>\n\t\t\t\t\t<\/div>\n\t\t<\/section>\n\t\t\t\t<section class=\"elementor-section elementor-inner-section elementor-element elementor-element-a93f4a8 elementor-section-boxed elementor-section-height-default elementor-section-height-default\" data-id=\"a93f4a8\" data-element_type=\"section\">\n\t\t\t\t\t\t<div class=\"elementor-container elementor-column-gap-default\">\n\t\t\t\t\t<div class=\"elementor-column elementor-col-50 elementor-inner-column elementor-element elementor-element-4bbf05c\" data-id=\"4bbf05c\" data-element_type=\"column\">\n\t\t\t<div class=\"elementor-widget-wrap elementor-element-populated\">\n\t\t\t\t\t\t<div class=\"elementor-element elementor-element-c2c956c elementor-widget elementor-widget-elementskit-heading\" data-id=\"c2c956c\" data-element_type=\"widget\" data-widget_type=\"elementskit-heading.default\">\n\t\t\t\t<div class=\"elementor-widget-container\">\n\t\t\t\t\t<div class=\"ekit-wid-con\" ><div class=\"ekit-heading elementskit-section-title-wraper text_left   ekit_heading_tablet-   ekit_heading_mobile-\"><a href=\"http:\/\/Sistemas\"><h2 class=\"ekit-heading--title elementskit-section-title \">Hospital doctor exam  patient that they can diagnose<\/h2><\/a>\t\t\t\t<div class='ekit-heading__description'>\n\t\t\t\t\t<ul>\n<li><strong>\u00b7<\/strong> Multiagenda<\/li>\n<li><strong>\u00b7<\/strong> Historias Cl\u00ednicas<\/li>\n<li><strong>\u00b7<\/strong> Tratamientos<\/li>\n<li><strong>\u00b7<\/strong> Base Fotogr\u00e1fica<\/li>\n<li><strong>\u00b7<\/strong> Base Electr\u00f3nica Documental<\/li>\n<li><strong>\u00b7<\/strong> Control de Pagos<\/li>\n<li><strong>\u00b7<\/strong> Inventarios<\/li>\n<li><strong>\u00b7<\/strong> Tesorer\u00eda Contabilidad Facturaci\u00f3n<\/li>\n<li><strong>\u00b7<\/strong> Telemercadeo<\/li>\n<\/ul>\n\t\t\t\t<\/div>\n\t\t\t<\/div><\/div>\t\t\t\t<\/div>\n\t\t\t\t<\/div>\n\t\t\t\t\t<\/div>\n\t\t<\/div>\n\t\t\t\t<div class=\"elementor-column elementor-col-50 elementor-inner-column elementor-element elementor-element-4678123\" data-id=\"4678123\" data-element_type=\"column\">\n\t\t\t<div class=\"elementor-widget-wrap elementor-element-populated\">\n\t\t\t\t\t\t<div class=\"elementor-element elementor-element-ec7cc00 elementor-widget elementor-widget-image\" data-id=\"ec7cc00\" data-element_type=\"widget\" data-widget_type=\"image.default\">\n\t\t\t\t<div class=\"elementor-widget-container\">\n\t\t\t\t\t\t\t\t\t\t\t\t\t\t\t<img loading=\"lazy\" decoding=\"async\" width=\"540\" height=\"410\" src=\"https:\/\/worldsys.com.pe\/worldsys\/wp-content\/uploads\/2024\/04\/mision3.jpg\" class=\"attachment-large size-large wp-image-821\" alt=\"\" srcset=\"https:\/\/worldsys.com.pe\/worldsys\/wp-content\/uploads\/2024\/04\/mision3.jpg 540w, https:\/\/worldsys.com.pe\/worldsys\/wp-content\/uploads\/2024\/04\/mision3-300x228.jpg 300w\" sizes=\"(max-width: 540px) 100vw, 540px\" \/>\t\t\t\t\t\t\t\t\t\t\t\t\t\t\t<\/div>\n\t\t\t\t<\/div>\n\t\t\t\t\t<\/div>\n\t\t<\/div>\n\t\t\t\t\t<\/div>\n\t\t<\/section>\n\t\t\t\t\t<\/div>\n\t\t<\/div>\n\t\t\t\t\t<\/div>\n\t\t<\/section>\n\t\t\t\t<\/div>\n\t\t","protected":false},"excerpt":{"rendered":"<p>Soluciones Inform\u00e1ticas Latinoamericanas Cont\u00e1ctenos Software para Cl\u00ednicas de Medicina Est\u00e9tica Orientado a satisfacer las necesidades y requerimientos de los cirujanos pl\u00e1sticos, m\u00e9dicos, esteticistas y cl\u00ednicas est\u00e9ticas en todo lo relacionado con el desarrollo de avanzadas soluciones inform\u00e1ticas. Manejo total del centro m\u00e9dico o centro de est\u00e9tica: Controla la informacion m\u00e9dica y administrativa Perfil&#8230;<\/p>\n","protected":false},"author":1,"featured_media":0,"parent":0,"menu_order":0,"comment_status":"closed","ping_status":"closed","template":"essential-blocks-blank-template.php","meta":{"_eb_attr":"","_monsterinsights_skip_tracking":false,"_monsterinsights_sitenote_active":false,"_monsterinsights_sitenote_note":"","_monsterinsights_sitenote_category":0,"footnotes":""},"class_list":["post-776","page","type-page","status-publish","hentry"],"aioseo_notices":[],"_links":{"self":[{"href":"https:\/\/worldsys.com.pe\/worldsys\/index.php\/wp-json\/wp\/v2\/pages\/776","targetHints":{"allow":["GET"]}}],"collection":[{"href":"https:\/\/worldsys.com.pe\/worldsys\/index.php\/wp-json\/wp\/v2\/pages"}],"about":[{"href":"https:\/\/worldsys.com.pe\/worldsys\/index.php\/wp-json\/wp\/v2\/types\/page"}],"author":[{"embeddable":true,"href":"https:\/\/worldsys.com.pe\/worldsys\/index.php\/wp-json\/wp\/v2\/users\/1"}],"replies":[{"embeddable":true,"href":"https:\/\/worldsys.com.pe\/worldsys\/index.php\/wp-json\/wp\/v2\/comments?post=776"}],"version-history":[{"count":13,"href":"https:\/\/worldsys.com.pe\/worldsys\/index.php\/wp-json\/wp\/v2\/pages\/776\/revisions"}],"predecessor-version":[{"id":835,"href":"https:\/\/worldsys.com.pe\/worldsys\/index.php\/wp-json\/wp\/v2\/pages\/776\/revisions\/835"}],"wp:attachment":[{"href":"https:\/\/worldsys.com.pe\/worldsys\/index.php\/wp-json\/wp\/v2\/media?parent=776"}],"curies":[{"name":"wp","href":"https:\/\/api.w.org\/{rel}","templated":true}]}}