{"id":7,"date":"2022-08-03T21:25:38","date_gmt":"2022-08-03T21:25:38","guid":{"rendered":"http:\/\/worldsys.com.pe\/soporte\/open-a-ticket\/"},"modified":"2022-08-03T22:01:00","modified_gmt":"2022-08-03T22:01:00","slug":"open-a-ticket","status":"publish","type":"page","link":"http:\/\/worldsys.com.pe\/soporte\/open-a-ticket\/","title":{"rendered":"Nuevo Ticket"},"content":{"rendered":"<div style='position:relative;' id='submit_tickets-submit' class='emd-form emd-container'><form id='submit_tickets' action='\/soporte\/wp-json\/wp\/v2\/pages\/7' method='post' class='emd-form-container emd-form-horizontal'><input type='hidden' value='submit_tickets' name='form_name' id='form_name_0'><input type='hidden' value='5' name='emd_form_id' id='emd_form_id_0'><input type='hidden' value='wp_ticket_com' name='emd_app' id='emd_app_0'><input type='hidden' value='emd_ticket' name='emd_ent' id='emd_ent_0'><input type='hidden' value='0' name='emd_step' id='emd_step_0'><input type=\"hidden\" id=\"submit_tickets_0_nonce\" name=\"submit_tickets_0_nonce\" value=\"abb73761b3\" \/><input type=\"hidden\" name=\"_wp_http_referer\" value=\"\/soporte\/wp-json\/wp\/v2\/pages\/7\" \/><input type='hidden' value='submit_tickets' name='wpas_form_name'><input type='hidden' value='Visitor' name='wpas_form_submitted_by'><input type='hidden' value='216.73.216.196' name='wpas_form_submitted_ip'><div class=\"emd-form-row emd-row emd-ahp-row\"><div class=\"emd-form-field emd-col emd-md-12 emd-sm-12 emd-xs-12\" data-field=\"phone\"><div class=\"emd-form-group\"><label class=\"emd-control-label phone\" for=\"phone\"><span id=\"label_phone\">Phone<\/span><span class=\"emd-fieldicons-wrap\">\n\t\t<a data-html=\"true\" href=\"#\" tabindex=-1 data-toggle=\"tooltip\" style=\"display:none;\" id=\"info_phone\" class=\"helptip\">\n\t\t<span class=\"field-icons info\"><\/span><\/a><a href=\"#\" data-html=\"true\" tabindex=-1 data-toggle=\"tooltip\" title=\"Phone field is required\" id=\"req_phone\" class=\"helptip\" style=\"display:none;\">\n\t\t<span class=\"field-icons required\"><\/span>\n\t\t<\/a>\n\t\t<\/span>\n\t\t<\/label><input type=\"text\" name=\"submit_tickets0_phone\" id=\"submit_tickets0_phone\" class=\"text emd-ahp emd-input-md emd-form-control\" autocomplete=\"off\"\/><\/div><\/div><\/div><input type='hidden' name='emd_ticket_id' value='emd_uid'><div class=\"emd-form-row emd-row\"><div class=\"emd-form-field emd-col emd-md-12 emd-sm-12 emd-xs-12\" data-field=\"ticket_topic\"><div class=\"emd-form-group\"><label class=\"emd-control-label ticket_topic\" for=\"ticket_topic\"><span id=\"label_ticket_topic\">Topico<\/span><span class=\"emd-fieldicons-wrap\">\n\t\t<a data-html=\"true\" href=\"#\" tabindex=-1 data-toggle=\"tooltip\" style=\"display:none;\" id=\"info_ticket_topic\" class=\"helptip\">\n\t\t<span class=\"field-icons info\"><\/span><\/a><a href=\"#\" data-html=\"true\" tabindex=-1 data-toggle=\"tooltip\" title=\"Topico field is required\" id=\"req_ticket_topic\" class=\"helptip\" style=\"display:none;\">\n\t\t<span class=\"field-icons required\"><\/span>\n\t\t<\/a>\n\t\t<\/span>\n\t\t<\/label><select name=\"ticket_topic\" id=\"ticket_topic\" class=\"emd-input-md emd-form-control emd-select\"  placeholder=\"Topico\" data-options=\"{\\\"allowClear\\\":true}\"><option value=\"hardware\">hardware<\/option><option value=\"licencia-y-garantia\">Licencia y garantia<\/option><option value=\"otros\">Otros<\/option><option value=\"software\">Software<\/option><option value=\"soporte-general\">Soporte General<\/option><option value=\"ventas\">Ventas<\/option><\/select><\/div><\/div><\/div><div class=\"emd-form-row emd-row\"><div class=\"emd-form-field emd-col emd-md-12 emd-sm-12 emd-xs-12\" data-field=\"emd_ticket_first_name\"><div class=\"emd-form-group\"><label class=\"emd-control-label emd_ticket_first_name\" for=\"emd_ticket_first_name\"><span id=\"label_emd_ticket_first_name\">Nombre<\/span><span class=\"emd-fieldicons-wrap\">\n\t\t<a data-html=\"true\" href=\"#\" tabindex=-1 data-toggle=\"tooltip\" style=\"display:none;\" id=\"info_emd_ticket_first_name\" class=\"helptip\">\n\t\t<span class=\"field-icons info\"><\/span><\/a><a href=\"#\" data-html=\"true\" tabindex=-1 data-toggle=\"tooltip\" title=\"Nombre field is required\" id=\"req_emd_ticket_first_name\" class=\"helptip\">\n\t\t<span class=\"field-icons required\"><\/span>\n\t\t<\/a>\n\t\t<\/span>\n\t\t<\/label><input type=\"text\" name=\"emd_ticket_first_name\" id=\"emd_ticket_first_name\" class=\"text required emd-input-md emd-form-control\" placeholder=\"Nombre\"\/><\/div><\/div><\/div><div class=\"emd-form-row emd-row\"><div class=\"emd-form-field emd-col emd-md-12 emd-sm-12 emd-xs-12\" data-field=\"emd_ticket_last_name\"><div class=\"emd-form-group\"><label class=\"emd-control-label emd_ticket_last_name\" for=\"emd_ticket_last_name\"><span id=\"label_emd_ticket_last_name\">Apellidos<\/span><span class=\"emd-fieldicons-wrap\">\n\t\t<a data-html=\"true\" href=\"#\" tabindex=-1 data-toggle=\"tooltip\" style=\"display:none;\" id=\"info_emd_ticket_last_name\" class=\"helptip\">\n\t\t<span class=\"field-icons info\"><\/span><\/a><a href=\"#\" data-html=\"true\" tabindex=-1 data-toggle=\"tooltip\" title=\"Apellidos field is required\" id=\"req_emd_ticket_last_name\" class=\"helptip\" style=\"display:none;\">\n\t\t<span class=\"field-icons required\"><\/span>\n\t\t<\/a>\n\t\t<\/span>\n\t\t<\/label><input type=\"text\" name=\"emd_ticket_last_name\" id=\"emd_ticket_last_name\" class=\"text emd-input-md emd-form-control\" placeholder=\"Apellidos\"\/><\/div><\/div><\/div><div class=\"emd-form-row emd-row\"><div class=\"emd-form-field emd-col emd-md-12 emd-sm-12 emd-xs-12\" data-field=\"emd_ticket_email\"><div class=\"emd-form-group\"><label class=\"emd-control-label emd_ticket_email\" for=\"emd_ticket_email\"><span id=\"label_emd_ticket_email\">Email<\/span><span class=\"emd-fieldicons-wrap\">\n\t\t<a data-html=\"true\" href=\"#\" tabindex=-1 data-toggle=\"tooltip\" title=\"Nuestras respuestas a su ticket se enviar\u00e1n a esta direcci\u00f3n de correo electr\u00f3nico.\" id=\"info_emd_ticket_email\" class=\"helptip\">\n\t\t<span class=\"field-icons info\"><\/span><\/a><a href=\"#\" data-html=\"true\" tabindex=-1 data-toggle=\"tooltip\" title=\"Email field is required\" id=\"req_emd_ticket_email\" class=\"helptip\">\n\t\t<span class=\"field-icons required\"><\/span>\n\t\t<\/a>\n\t\t<\/span>\n\t\t<\/label><input type=\"text\" name=\"emd_ticket_email\" id=\"emd_ticket_email\" class=\"text required email emd-input-md emd-form-control\" placeholder=\"Email\"\/><\/div><\/div><\/div><div class=\"emd-form-row emd-row\"><div class=\"emd-form-field emd-col emd-md-12 emd-sm-12 emd-xs-12\" data-field=\"blt_title\"><div class=\"emd-form-group\"><label class=\"emd-control-label blt_title\" for=\"blt_title\"><span id=\"label_blt_title\">Asunto<\/span><span class=\"emd-fieldicons-wrap\">\n\t\t<a data-html=\"true\" href=\"#\" tabindex=-1 data-toggle=\"tooltip\" title=\"Asunto\" id=\"info_blt_title\" class=\"helptip\">\n\t\t<span class=\"field-icons info\"><\/span><\/a><a href=\"#\" data-html=\"true\" tabindex=-1 data-toggle=\"tooltip\" title=\"Asunto field is required\" id=\"req_blt_title\" class=\"helptip\">\n\t\t<span class=\"field-icons required\"><\/span>\n\t\t<\/a>\n\t\t<\/span>\n\t\t<\/label><input type=\"text\" name=\"blt_title\" id=\"blt_title\" class=\"text emd-input-md emd-form-control required \" placeholder=\"Asunto\"\/><\/div><\/div><\/div><div class=\"emd-form-row emd-row\"><div class=\"emd-form-field emd-col emd-md-12 emd-sm-12 emd-xs-12\" data-field=\"blt_content\"><div class=\"emd-form-group\"><label class=\"emd-control-label blt_content\" for=\"blt_content\"><span id=\"label_blt_content\">Resumen<\/span><span class=\"emd-fieldicons-wrap\">\n\t\t<a data-html=\"true\" href=\"#\" tabindex=-1 data-toggle=\"tooltip\" title=\"Resumen\" id=\"info_blt_content\" class=\"helptip\">\n\t\t<span class=\"field-icons info\"><\/span><\/a><a href=\"#\" data-html=\"true\" tabindex=-1 data-toggle=\"tooltip\" title=\"Resumen field is required\" id=\"req_blt_content\" class=\"helptip\">\n\t\t<span class=\"field-icons required\"><\/span>\n\t\t<\/a>\n\t\t<\/span>\n\t\t<\/label><textarea name=\"blt_content\" id=\"blt_content\" rows=5 class=\"emd-form-control emd-sumnote\" placeholder=\"Resumen\"><\/textarea><\/div><\/div><\/div><div class=\"emd-form-row emd-row\"><div class=\"emd-form-field emd-col emd-md-12 emd-sm-12 emd-xs-12\" data-field=\"emd_ticket_phone\"><div class=\"emd-form-group\"><label class=\"emd-control-label emd_ticket_phone\" for=\"emd_ticket_phone\"><span id=\"label_emd_ticket_phone\">Tel\u00e9fono<\/span><span class=\"emd-fieldicons-wrap\">\n\t\t<a data-html=\"true\" href=\"#\" tabindex=-1 data-toggle=\"tooltip\" title=\"Please enter a phone number in case we need to contact you.\" id=\"info_emd_ticket_phone\" class=\"helptip\">\n\t\t<span class=\"field-icons info\"><\/span><\/a><a href=\"#\" data-html=\"true\" tabindex=-1 data-toggle=\"tooltip\" title=\"Tel\u00e9fono field is required\" id=\"req_emd_ticket_phone\" class=\"helptip\" style=\"display:none;\">\n\t\t<span class=\"field-icons required\"><\/span>\n\t\t<\/a>\n\t\t<\/span>\n\t\t<\/label><input type=\"text\" name=\"emd_ticket_phone\" id=\"emd_ticket_phone\" class=\"text emd-input-md emd-form-control\" placeholder=\"Tel\u00e9fono\"\/><\/div><\/div><\/div><div class=\"emd-form-row emd-row\"><div class=\"emd-form-field emd-col emd-md-12 emd-sm-12 emd-xs-12\" data-field=\"emd_ticket_attachment\"><div class=\"emd-form-group emd-file-group\"><label class=\"emd-control-label emd_ticket_attachment\" for=\"emd_ticket_attachment\"><span id=\"label_emd_ticket_attachment\">Adjuntar<\/span><span class=\"emd-fieldicons-wrap\">\n\t\t<a data-html=\"true\" href=\"#\" tabindex=-1 data-toggle=\"tooltip\" title=\"Adjuntar archivos relacionados al ticket\" id=\"info_emd_ticket_attachment\" class=\"helptip\">\n\t\t<span class=\"field-icons info\"><\/span><\/a><a href=\"#\" data-html=\"true\" tabindex=-1 data-toggle=\"tooltip\" title=\"Adjuntar field is required\" id=\"req_emd_ticket_attachment\" class=\"helptip\" style=\"display:none;\">\n\t\t<span class=\"field-icons required\"><\/span>\n\t\t<\/a>\n\t\t<\/span>\n\t\t<\/label><div class=\"emd-small emd-text-muted\"><div class=\"emd-max-file-size\">Max file size: 512000 KB<\/div><\/div><div class=\"emd-form-group\"><input type=\"file\" name=\"emd_ticket_attachment\" id=\"emd_ticket_attachment\" class=\"emd-file\"><\/div><\/div><\/div><\/div><div class=\"emd-form-row emd-row\"><div class=\"emd-form-field emd-col emd-md-12 emd-sm-12 emd-xs-12\" data-field=\"ticket_priority\"><div class=\"emd-form-group\"><label class=\"emd-control-label ticket_priority\" for=\"ticket_priority\"><span id=\"label_ticket_priority\">Priority<\/span><span class=\"emd-fieldicons-wrap\">\n\t\t<a data-html=\"true\" href=\"#\" tabindex=-1 data-toggle=\"tooltip\" style=\"display:none;\" id=\"info_ticket_priority\" class=\"helptip\">\n\t\t<span class=\"field-icons info\"><\/span><\/a><a href=\"#\" data-html=\"true\" tabindex=-1 data-toggle=\"tooltip\" title=\"Priority field is required\" id=\"req_ticket_priority\" class=\"helptip\" style=\"display:none;\">\n\t\t<span class=\"field-icons required\"><\/span>\n\t\t<\/a>\n\t\t<\/span>\n\t\t<\/label><select name=\"ticket_priority\" id=\"ticket_priority\" class=\"emd-input-md emd-form-control emd-select\"  placeholder=\"Prioridad\" data-options=\"{\\\"allowClear\\\":true}\"><option value=\"critico\">Cr\u00edtico<\/option><option value=\"importante\">Importante<\/option><option value=\"menor\">Menor<\/option><option value=\"normal\">Normal<\/option><option value=\"otros\">Otros<\/option><\/select><\/div><\/div><\/div><div class=\"emd-form-row emd-row\"><div class=\"emd-form-field emd-col emd-md-12 emd-sm-12 emd-xs-12\" data-field=\"emd_ticket_duedate\"><div class=\"emd-form-group\"><label class=\"emd-control-label emd_ticket_duedate\" for=\"emd_ticket_duedate\"><span id=\"label_emd_ticket_duedate\">Vencimiento<\/span><span class=\"emd-fieldicons-wrap\">\n\t\t<a data-html=\"true\" href=\"#\" tabindex=-1 data-toggle=\"tooltip\" title=\"La fecha de vencimiento del boleto\" id=\"info_emd_ticket_duedate\" class=\"helptip\">\n\t\t<span class=\"field-icons info\"><\/span><\/a><a href=\"#\" data-html=\"true\" tabindex=-1 data-toggle=\"tooltip\" title=\"Vencimiento field is required\" id=\"req_emd_ticket_duedate\" class=\"helptip\" style=\"display:none;\">\n\t\t<span class=\"field-icons required\"><\/span>\n\t\t<\/a>\n\t\t<\/span>\n\t\t<\/label><input type=\"text\" name=\"emd_ticket_duedate\" id=\"emd_ticket_duedate\" class=\"emd-datetime text emd-input-md emd-form-control\" placeholder=\"Vencimiento\" data-format=\"m-d-Y H:i\"\/><\/div><\/div><\/div><div class=\"emd-row emd-form-submit-row\"><button class='emd-form-submit emd-btn emd-btn-success emd-btn-large emd-btn-block' type='submit' value='submit' name='submit_submit_tickets'><i class='fa fa-fw fas fa-angle-double-right' aria-hidden='true'><\/i>Submit Ticket<\/button><\/div><\/form><\/div><!--container-end-->\n","protected":false},"excerpt":{"rendered":"","protected":false},"author":1,"featured_media":0,"parent":0,"menu_order":0,"comment_status":"closed","ping_status":"closed","template":"","meta":{"footnotes":""},"class_list":["post-7","page","type-page","status-publish","hentry","post"],"_links":{"self":[{"href":"http:\/\/worldsys.com.pe\/soporte\/wp-json\/wp\/v2\/pages\/7","targetHints":{"allow":["GET"]}}],"collection":[{"href":"http:\/\/worldsys.com.pe\/soporte\/wp-json\/wp\/v2\/pages"}],"about":[{"href":"http:\/\/worldsys.com.pe\/soporte\/wp-json\/wp\/v2\/types\/page"}],"author":[{"embeddable":true,"href":"http:\/\/worldsys.com.pe\/soporte\/wp-json\/wp\/v2\/users\/1"}],"replies":[{"embeddable":true,"href":"http:\/\/worldsys.com.pe\/soporte\/wp-json\/wp\/v2\/comments?post=7"}],"version-history":[{"count":2,"href":"http:\/\/worldsys.com.pe\/soporte\/wp-json\/wp\/v2\/pages\/7\/revisions"}],"predecessor-version":[{"id":24,"href":"http:\/\/worldsys.com.pe\/soporte\/wp-json\/wp\/v2\/pages\/7\/revisions\/24"}],"wp:attachment":[{"href":"http:\/\/worldsys.com.pe\/soporte\/wp-json\/wp\/v2\/media?parent=7"}],"curies":[{"name":"wp","href":"https:\/\/api.w.org\/{rel}","templated":true}]}}