{"id":26,"date":"2022-08-04T16:05:51","date_gmt":"2022-08-04T16:05:51","guid":{"rendered":"http:\/\/worldsys.com.pe\/soporte\/?page_id=26"},"modified":"2022-10-11T02:59:42","modified_gmt":"2022-10-11T02:59:42","slug":"bienvenido-a-nuestro-soporte-tecnico","status":"publish","type":"page","link":"http:\/\/worldsys.com.pe\/soporte\/","title":{"rendered":"Soporte T\u00e9cnico"},"content":{"rendered":"\n<figure class=\"wp-block-image size-large is-resized\"><img decoding=\"async\" src=\"http:\/\/worldsys.com.pe\/soporte\/wp-content\/uploads\/2022\/08\/pandasecurity-panda-tech-support-1100x825-1-edited.jpg\" alt=\"\" class=\"wp-image-34\" width=\"738\" srcset=\"http:\/\/worldsys.com.pe\/soporte\/wp-content\/uploads\/2022\/08\/pandasecurity-panda-tech-support-1100x825-1-edited.jpg 1100w, http:\/\/worldsys.com.pe\/soporte\/wp-content\/uploads\/2022\/08\/pandasecurity-panda-tech-support-1100x825-1-edited-300x169.jpg 300w, http:\/\/worldsys.com.pe\/soporte\/wp-content\/uploads\/2022\/08\/pandasecurity-panda-tech-support-1100x825-1-edited-1024x576.jpg 1024w, http:\/\/worldsys.com.pe\/soporte\/wp-content\/uploads\/2022\/08\/pandasecurity-panda-tech-support-1100x825-1-edited-768x432.jpg 768w\" sizes=\"(max-width: 1100px) 100vw, 1100px\" \/><\/figure>\n\n\n<h3>\u00a0<\/h3>\n<h3><strong>Soporte T\u00e9cnico Presencial:<\/strong><\/h3>\n<p>\u00a0<\/p>\n<ul>\n<li>Soporte t\u00e9cnico ejecutado en el lugar donde se encuentra el equipo y puede ser realizado al hardware y\/o software<\/li>\n<\/ul>\n<h3>Soporte T\u00e9cnico a Distancia:<\/h3>\n<p>\u00a0<\/p>\n<ul>\n<li>Soporte t\u00e9cnico v\u00eda tel\u00e9fono, internet, videoconferencia o cualquier otro medio, para resolver un inconveniente de hardware y\/o software siguiendo las indicaciones de un experto.<\/li>\n<\/ul>\n<h3>Soporte T\u00e9cnico Remoto:<\/h3>\n<ul>\n<li>soporte t\u00e9cnico a trav\u00e9s de una aplicaci\u00f3n de escritorio remoto.<\/li>\n<\/ul>\n<h3>Solicite Asistencia<\/h3>\n\n\n<p>Coomuniquese al correo:  <a href=\"http:\/\/worldsys.com.pe\/#\">soporte@worldsys.com.pe<\/a> <\/p>\n\n\n\n<p>Central: 983491186<\/p>\n\n\n\n<p>Presente su caso para su pronta atenci\u00f3n:<\/p>\n\n\n\n<div class=\"wp-block-buttons is-layout-flex wp-block-buttons-is-layout-flex\">\n<div class=\"wp-block-button\"><a class=\"wp-block-button__link\" href=\"http:\/\/worldsys.com.pe\/soporte\/open-a-ticket\/\" target=\"_blank\" rel=\"noreferrer noopener\">Ticket de Soporte <\/a><\/div>\n<\/div>\n","protected":false},"excerpt":{"rendered":"<p>\u00a0 Soporte T\u00e9cnico Presencial: \u00a0 Soporte t\u00e9cnico ejecutado en el lugar donde se encuentra el equipo y puede ser realizado al hardware y\/o software Soporte T\u00e9cnico a Distancia: \u00a0 Soporte t\u00e9cnico v\u00eda tel\u00e9fono, internet, videoconferencia o cualquier otro medio, para resolver un inconveniente de hardware y\/o software siguiendo las indicaciones de un experto. Soporte T\u00e9cnico [&hellip;]<\/p>\n","protected":false},"author":1,"featured_media":0,"parent":0,"menu_order":0,"comment_status":"closed","ping_status":"closed","template":"elementor_header_footer","meta":{"footnotes":""},"class_list":["post-26","page","type-page","status-publish","hentry","post"],"_links":{"self":[{"href":"http:\/\/worldsys.com.pe\/soporte\/wp-json\/wp\/v2\/pages\/26","targetHints":{"allow":["GET"]}}],"collection":[{"href":"http:\/\/worldsys.com.pe\/soporte\/wp-json\/wp\/v2\/pages"}],"about":[{"href":"http:\/\/worldsys.com.pe\/soporte\/wp-json\/wp\/v2\/types\/page"}],"author":[{"embeddable":true,"href":"http:\/\/worldsys.com.pe\/soporte\/wp-json\/wp\/v2\/users\/1"}],"replies":[{"embeddable":true,"href":"http:\/\/worldsys.com.pe\/soporte\/wp-json\/wp\/v2\/comments?post=26"}],"version-history":[{"count":9,"href":"http:\/\/worldsys.com.pe\/soporte\/wp-json\/wp\/v2\/pages\/26\/revisions"}],"predecessor-version":[{"id":50,"href":"http:\/\/worldsys.com.pe\/soporte\/wp-json\/wp\/v2\/pages\/26\/revisions\/50"}],"wp:attachment":[{"href":"http:\/\/worldsys.com.pe\/soporte\/wp-json\/wp\/v2\/media?parent=26"}],"curies":[{"name":"wp","href":"https:\/\/api.w.org\/{rel}","templated":true}]}}